{"id":2817,"date":"2022-10-04T11:20:17","date_gmt":"2022-10-04T09:20:17","guid":{"rendered":"https:\/\/statech.it\/tischlerei\/"},"modified":"2025-10-24T17:15:36","modified_gmt":"2025-10-24T15:15:36","slug":"tischlerei","status":"publish","type":"page","link":"https:\/\/www.statech.it\/de\/tischlerei\/","title":{"rendered":"Tischlerei"},"content":{"rendered":"\t\t<div data-elementor-type=\"wp-page\" data-elementor-id=\"2817\" class=\"elementor elementor-2817 elementor-840\" data-elementor-post-type=\"page\">\n\t\t\t\t\t\t<section class=\"elementor-section elementor-top-section elementor-element elementor-element-b9919c7 elementor-section-boxed elementor-section-height-default elementor-section-height-default\" data-id=\"b9919c7\" data-element_type=\"section\" data-e-type=\"section\" data-settings=\"{&quot;background_background&quot;:&quot;classic&quot;}\">\n\t\t\t\t\t\t<div class=\"elementor-container elementor-column-gap-no\">\n\t\t\t\t\t<div class=\"elementor-column elementor-col-100 elementor-top-column elementor-element elementor-element-8a897a4\" data-id=\"8a897a4\" data-element_type=\"column\" data-e-type=\"column\">\n\t\t\t<div class=\"elementor-widget-wrap elementor-element-populated\">\n\t\t\t\t\t\t<div class=\"elementor-element elementor-element-520e56e elementor-widget elementor-widget-heading\" data-id=\"520e56e\" data-element_type=\"widget\" data-e-type=\"widget\" data-widget_type=\"heading.default\">\n\t\t\t\t<div class=\"elementor-widget-container\">\n\t\t\t\t\t<h1 class=\"elementor-heading-title elementor-size-default\">STA Technology ist auch ein nach UNI EN 1090 zertifizierter Zimmereibetrieb.<\/h1>\t\t\t\t<\/div>\n\t\t\t\t<\/div>\n\t\t\t\t\t<\/div>\n\t\t<\/div>\n\t\t\t\t\t<\/div>\n\t\t<\/section>\n\t\t\t\t<section class=\"elementor-section elementor-top-section elementor-element elementor-element-6e9388f elementor-section-boxed elementor-section-height-default elementor-section-height-default\" data-id=\"6e9388f\" data-element_type=\"section\" data-e-type=\"section\">\n\t\t\t\t\t\t<div class=\"elementor-container elementor-column-gap-no\">\n\t\t\t\t\t<div class=\"elementor-column elementor-col-50 elementor-top-column elementor-element elementor-element-b861894\" data-id=\"b861894\" data-element_type=\"column\" data-e-type=\"column\">\n\t\t\t<div class=\"elementor-widget-wrap elementor-element-populated\">\n\t\t\t\t\t\t<div class=\"elementor-element elementor-element-3cac47f elementor-widget elementor-widget-text-editor\" data-id=\"3cac47f\" data-element_type=\"widget\" data-e-type=\"widget\" data-widget_type=\"text-editor.default\">\n\t\t\t\t<div class=\"elementor-widget-container\">\n\t\t\t\t\t\t\t\t\t<p>Die Zertifizierung nach UNI EN 1090 ist seit Juli 2014 <strong>f\u00fcr alle Hersteller von Stahlbauteilen verpflichtend<\/strong>.<\/p>\n<p>Die F\u00e4higkeit eines Unternehmens, Material herzustellen, das alle in den Normen UNI EN 1090 Teil 1, 2 und 3 geforderten Qualit\u00e4tsmerkmale erf\u00fcllt, wird von einer dritten Partei, der Zertifizierungsstelle, zertifiziert. <strong>Diese Art der Zertifizierung ist international anerkannt<\/strong>.<\/p>\n<p><strong>F\u00fcr jede Ausf\u00fchrung wird die g.U.- und CE-Kennzeichnung geliefert<\/strong>, die f\u00fcr die Qualit\u00e4t des Auftrags steht, der den gesamten Produktionsprozess von der Machbarkeitsanalyse bis zur Montage umfasst.<\/p>\n\t\t\t\t\t\t\t\t<\/div>\n\t\t\t\t<\/div>\n\t\t\t\t\t<\/div>\n\t\t<\/div>\n\t\t\t\t<div class=\"elementor-column elementor-col-50 elementor-top-column elementor-element elementor-element-73c8048\" data-id=\"73c8048\" data-element_type=\"column\" data-e-type=\"column\">\n\t\t\t<div class=\"elementor-widget-wrap elementor-element-populated\">\n\t\t\t\t\t\t<div class=\"elementor-element elementor-element-383ba40 elementor-widget elementor-widget-image\" data-id=\"383ba40\" data-element_type=\"widget\" data-e-type=\"widget\" data-widget_type=\"image.default\">\n\t\t\t\t<div class=\"elementor-widget-container\">\n\t\t\t\t\t\t\t\t\t\t\t\t\t\t\t<img fetchpriority=\"high\" decoding=\"async\" width=\"600\" height=\"600\" src=\"https:\/\/www.statech.it\/wp-content\/uploads\/metalli.jpg\" class=\"attachment-full size-full wp-image-2624\" alt=\"\" srcset=\"https:\/\/www.statech.it\/wp-content\/uploads\/metalli.jpg 600w, https:\/\/www.statech.it\/wp-content\/uploads\/metalli-300x300.jpg 300w, https:\/\/www.statech.it\/wp-content\/uploads\/metalli-150x150.jpg 150w\" sizes=\"(max-width: 600px) 100vw, 600px\" \/>\t\t\t\t\t\t\t\t\t\t\t\t\t\t\t<\/div>\n\t\t\t\t<\/div>\n\t\t\t\t\t<\/div>\n\t\t<\/div>\n\t\t\t\t\t<\/div>\n\t\t<\/section>\n\t\t\t\t<section class=\"elementor-section elementor-top-section elementor-element elementor-element-bdd0bf9 elementor-section-boxed elementor-section-height-default elementor-section-height-default\" data-id=\"bdd0bf9\" data-element_type=\"section\" data-e-type=\"section\">\n\t\t\t\t\t\t<div class=\"elementor-container elementor-column-gap-no\">\n\t\t\t\t\t<div class=\"elementor-column elementor-col-100 elementor-top-column elementor-element elementor-element-fb29811\" data-id=\"fb29811\" data-element_type=\"column\" data-e-type=\"column\">\n\t\t\t<div class=\"elementor-widget-wrap elementor-element-populated\">\n\t\t\t\t\t\t<div class=\"elementor-element elementor-element-02aecc8 elementor-widget elementor-widget-heading\" data-id=\"02aecc8\" data-element_type=\"widget\" data-e-type=\"widget\" data-widget_type=\"heading.default\">\n\t\t\t\t<div class=\"elementor-widget-container\">\n\t\t\t\t\t<h2 class=\"elementor-heading-title elementor-size-default\">Unser Unternehmen ist bis zur Leistungsklasse EXC-3 zertifiziert<\/h2>\t\t\t\t<\/div>\n\t\t\t\t<\/div>\n\t\t\t\t\t<\/div>\n\t\t<\/div>\n\t\t\t\t\t<\/div>\n\t\t<\/section>\n\t\t\t\t<section class=\"elementor-section elementor-top-section elementor-element elementor-element-9ab1612 elementor-section-boxed elementor-section-height-default elementor-section-height-default\" data-id=\"9ab1612\" data-element_type=\"section\" data-e-type=\"section\">\n\t\t\t\t\t\t<div class=\"elementor-container elementor-column-gap-no\">\n\t\t\t\t\t<div class=\"elementor-column elementor-col-50 elementor-top-column elementor-element elementor-element-e5e9389\" data-id=\"e5e9389\" data-element_type=\"column\" data-e-type=\"column\">\n\t\t\t<div class=\"elementor-widget-wrap elementor-element-populated\">\n\t\t\t\t\t\t<div class=\"elementor-element elementor-element-6ca1b03 elementor-widget elementor-widget-image\" data-id=\"6ca1b03\" data-element_type=\"widget\" data-e-type=\"widget\" data-widget_type=\"image.default\">\n\t\t\t\t<div class=\"elementor-widget-container\">\n\t\t\t\t\t\t\t\t\t\t\t\t\t\t\t<img decoding=\"async\" width=\"707\" height=\"1000\" src=\"https:\/\/www.statech.it\/wp-content\/uploads\/certificato1.jpg\" class=\"attachment-full size-full wp-image-2623\" alt=\"\" srcset=\"https:\/\/www.statech.it\/wp-content\/uploads\/certificato1.jpg 707w, https:\/\/www.statech.it\/wp-content\/uploads\/certificato1-212x300.jpg 212w\" sizes=\"(max-width: 707px) 100vw, 707px\" \/>\t\t\t\t\t\t\t\t\t\t\t\t\t\t\t<\/div>\n\t\t\t\t<\/div>\n\t\t\t\t\t<\/div>\n\t\t<\/div>\n\t\t\t\t<div class=\"elementor-column elementor-col-50 elementor-top-column elementor-element elementor-element-279531a\" data-id=\"279531a\" data-element_type=\"column\" data-e-type=\"column\">\n\t\t\t<div class=\"elementor-widget-wrap elementor-element-populated\">\n\t\t\t\t\t\t<div class=\"elementor-element elementor-element-be81100 elementor-widget elementor-widget-image\" data-id=\"be81100\" data-element_type=\"widget\" data-e-type=\"widget\" data-widget_type=\"image.default\">\n\t\t\t\t<div class=\"elementor-widget-container\">\n\t\t\t\t\t\t\t\t\t\t\t\t\t\t\t<img decoding=\"async\" width=\"707\" height=\"1000\" src=\"https:\/\/www.statech.it\/wp-content\/uploads\/certificato2.jpg\" class=\"attachment-full size-full wp-image-2625\" alt=\"\" srcset=\"https:\/\/www.statech.it\/wp-content\/uploads\/certificato2.jpg 707w, https:\/\/www.statech.it\/wp-content\/uploads\/certificato2-212x300.jpg 212w\" sizes=\"(max-width: 707px) 100vw, 707px\" \/>\t\t\t\t\t\t\t\t\t\t\t\t\t\t\t<\/div>\n\t\t\t\t<\/div>\n\t\t\t\t\t<\/div>\n\t\t<\/div>\n\t\t\t\t\t<\/div>\n\t\t<\/section>\n\t\t\t\t<section class=\"elementor-section elementor-top-section elementor-element elementor-element-881abe9 elementor-section-content-middle elementor-section-boxed elementor-section-height-default elementor-section-height-default\" data-id=\"881abe9\" data-element_type=\"section\" data-e-type=\"section\" data-settings=\"{&quot;background_background&quot;:&quot;classic&quot;}\">\n\t\t\t\t\t\t<div class=\"elementor-container elementor-column-gap-no\">\n\t\t\t\t\t<div class=\"elementor-column elementor-col-100 elementor-top-column elementor-element elementor-element-b642c8b\" data-id=\"b642c8b\" data-element_type=\"column\" data-e-type=\"column\">\n\t\t\t<div class=\"elementor-widget-wrap elementor-element-populated\">\n\t\t\t\t\t\t<div class=\"elementor-element elementor-element-1094965 elementor-align-center elementor-widget elementor-widget-button\" data-id=\"1094965\" data-element_type=\"widget\" data-e-type=\"widget\" data-widget_type=\"button.default\">\n\t\t\t\t<div class=\"elementor-widget-container\">\n\t\t\t\t\t\t\t\t\t<div class=\"elementor-button-wrapper\">\n\t\t\t\t\t<a class=\"elementor-button elementor-button-link elementor-size-lg\" href=\"https:\/\/www.statech.it\/de\/kontakt\/\">\n\t\t\t\t\t\t<span class=\"elementor-button-content-wrapper\">\n\t\t\t\t\t\t\t\t\t<span class=\"elementor-button-text\">KONTAKT US<\/span>\n\t\t\t\t\t<\/span>\n\t\t\t\t\t<\/a>\n\t\t\t\t<\/div>\n\t\t\t\t\t\t\t\t<\/div>\n\t\t\t\t<\/div>\n\t\t\t\t\t<\/div>\n\t\t<\/div>\n\t\t\t\t\t<\/div>\n\t\t<\/section>\n\t\t\t\t<\/div>\n\t\t","protected":false},"excerpt":{"rendered":"<p>STA Technology ist auch ein nach UNI EN 1090 zertifizierter Zimmereibetrieb. Die Zertifizierung nach UNI EN 1090 ist seit Juli 2014 f\u00fcr alle Hersteller von Stahlbauteilen verpflichtend. Die F\u00e4higkeit eines Unternehmens, Material herzustellen, das alle in den Normen UNI EN 1090 Teil 1, 2 und 3 geforderten Qualit\u00e4tsmerkmale erf\u00fcllt, wird von einer dritten Partei, der [&hellip;]<\/p>\n","protected":false},"author":1,"featured_media":0,"parent":0,"menu_order":0,"comment_status":"closed","ping_status":"closed","template":"","meta":{"footnotes":""},"class_list":["post-2817","page","type-page","status-publish","hentry"],"_links":{"self":[{"href":"https:\/\/www.statech.it\/de\/wp-json\/wp\/v2\/pages\/2817","targetHints":{"allow":["GET"]}}],"collection":[{"href":"https:\/\/www.statech.it\/de\/wp-json\/wp\/v2\/pages"}],"about":[{"href":"https:\/\/www.statech.it\/de\/wp-json\/wp\/v2\/types\/page"}],"author":[{"embeddable":true,"href":"https:\/\/www.statech.it\/de\/wp-json\/wp\/v2\/users\/1"}],"replies":[{"embeddable":true,"href":"https:\/\/www.statech.it\/de\/wp-json\/wp\/v2\/comments?post=2817"}],"version-history":[{"count":5,"href":"https:\/\/www.statech.it\/de\/wp-json\/wp\/v2\/pages\/2817\/revisions"}],"predecessor-version":[{"id":4150,"href":"https:\/\/www.statech.it\/de\/wp-json\/wp\/v2\/pages\/2817\/revisions\/4150"}],"wp:attachment":[{"href":"https:\/\/www.statech.it\/de\/wp-json\/wp\/v2\/media?parent=2817"}],"curies":[{"name":"wp","href":"https:\/\/api.w.org\/{rel}","templated":true}]}}