{"id":2803,"date":"2022-10-04T09:40:58","date_gmt":"2022-10-04T07:40:58","guid":{"rendered":"https:\/\/statech.it\/schalldaemmung-und-luftfiltration\/"},"modified":"2024-11-19T12:21:59","modified_gmt":"2024-11-19T11:21:59","slug":"schalldaemmung-und-luftfiltration","status":"publish","type":"page","link":"https:\/\/www.statech.it\/de\/schalldaemmung-und-luftfiltration\/","title":{"rendered":"Schalld\u00e4mmung und Luftfiltration"},"content":{"rendered":"\t\t<div data-elementor-type=\"wp-page\" data-elementor-id=\"2803\" class=\"elementor elementor-2803 elementor-820\" data-elementor-post-type=\"page\">\n\t\t\t\t\t\t<section class=\"elementor-section elementor-top-section elementor-element elementor-element-e65a595 elementor-section-boxed elementor-section-height-default elementor-section-height-default\" data-id=\"e65a595\" data-element_type=\"section\" data-e-type=\"section\">\n\t\t\t\t\t\t<div class=\"elementor-container elementor-column-gap-no\">\n\t\t\t\t\t<div class=\"elementor-column elementor-col-100 elementor-top-column elementor-element elementor-element-2536510\" data-id=\"2536510\" data-element_type=\"column\" data-e-type=\"column\">\n\t\t\t<div class=\"elementor-widget-wrap elementor-element-populated\">\n\t\t\t\t\t\t<div class=\"elementor-element elementor-element-c8d6e61 elementor-widget elementor-widget-heading\" data-id=\"c8d6e61\" data-element_type=\"widget\" data-e-type=\"widget\" data-widget_type=\"heading.default\">\n\t\t\t\t<div class=\"elementor-widget-container\">\n\t\t\t\t\t<h1 class=\"elementor-heading-title elementor-size-default\">Schalld\u00e4mmung und Luftfiltration<\/h1>\t\t\t\t<\/div>\n\t\t\t\t<\/div>\n\t\t\t\t\t<\/div>\n\t\t<\/div>\n\t\t\t\t\t<\/div>\n\t\t<\/section>\n\t\t\t\t<section class=\"elementor-section elementor-top-section elementor-element elementor-element-9f04e84 elementor-section-content-middle elementor-section-full_width elementor-section-height-default elementor-section-height-default\" data-id=\"9f04e84\" data-element_type=\"section\" data-e-type=\"section\">\n\t\t\t\t\t\t<div class=\"elementor-container elementor-column-gap-no\">\n\t\t\t\t\t<div class=\"elementor-column elementor-col-33 elementor-top-column elementor-element elementor-element-9e51641\" data-id=\"9e51641\" data-element_type=\"column\" data-e-type=\"column\">\n\t\t\t<div class=\"elementor-widget-wrap elementor-element-populated\">\n\t\t\t\t\t\t<div class=\"elementor-element elementor-element-4593a68 elementor-arrows-position-inside elementor-pagination-position-outside elementor-widget elementor-widget-image-carousel\" data-id=\"4593a68\" data-element_type=\"widget\" data-e-type=\"widget\" data-settings=\"{&quot;slides_to_show&quot;:&quot;1&quot;,&quot;slides_to_show_tablet&quot;:&quot;1&quot;,&quot;navigation&quot;:&quot;both&quot;,&quot;autoplay&quot;:&quot;yes&quot;,&quot;pause_on_hover&quot;:&quot;yes&quot;,&quot;pause_on_interaction&quot;:&quot;yes&quot;,&quot;autoplay_speed&quot;:5000,&quot;infinite&quot;:&quot;yes&quot;,&quot;effect&quot;:&quot;slide&quot;,&quot;speed&quot;:500}\" data-widget_type=\"image-carousel.default\">\n\t\t\t\t<div class=\"elementor-widget-container\">\n\t\t\t\t\t\t\t<div class=\"elementor-image-carousel-wrapper swiper\" role=\"region\" aria-roledescription=\"carousel\" aria-label=\"Bild Karussell\" dir=\"ltr\">\n\t\t\t<div class=\"elementor-image-carousel swiper-wrapper\" aria-live=\"off\">\n\t\t\t\t\t\t\t\t<div class=\"swiper-slide\" role=\"group\" aria-roledescription=\"slide\" aria-label=\"1 von 6\"><figure class=\"swiper-slide-inner\"><img decoding=\"async\" class=\"swiper-slide-image\" src=\"https:\/\/www.statech.it\/wp-content\/uploads\/Principale.jpg\" alt=\"Principale\" \/><\/figure><\/div><div class=\"swiper-slide\" role=\"group\" aria-roledescription=\"slide\" aria-label=\"2 von 6\"><figure class=\"swiper-slide-inner\"><img decoding=\"async\" class=\"swiper-slide-image\" src=\"https:\/\/www.statech.it\/wp-content\/uploads\/Barriera-Centro-Commerciale-2.jpg\" alt=\"Barriera-Centro-Commerciale-(2)\" \/><\/figure><\/div><div class=\"swiper-slide\" role=\"group\" aria-roledescription=\"slide\" aria-label=\"3 von 6\"><figure class=\"swiper-slide-inner\"><img decoding=\"async\" class=\"swiper-slide-image\" src=\"https:\/\/www.statech.it\/wp-content\/uploads\/Principale-1.jpg\" alt=\"Principale-1\" \/><\/figure><\/div><div class=\"swiper-slide\" role=\"group\" aria-roledescription=\"slide\" aria-label=\"4 von 6\"><figure class=\"swiper-slide-inner\"><img decoding=\"async\" class=\"swiper-slide-image\" src=\"https:\/\/www.statech.it\/wp-content\/uploads\/Principale-3.jpg\" alt=\"Principale-3\" \/><\/figure><\/div><div class=\"swiper-slide\" role=\"group\" aria-roledescription=\"slide\" aria-label=\"5 von 6\"><figure class=\"swiper-slide-inner\"><img decoding=\"async\" class=\"swiper-slide-image\" src=\"https:\/\/www.statech.it\/wp-content\/uploads\/DSC00165.jpg\" alt=\"DSC00165\" \/><\/figure><\/div><div class=\"swiper-slide\" role=\"group\" aria-roledescription=\"slide\" aria-label=\"6 von 6\"><figure class=\"swiper-slide-inner\"><img decoding=\"async\" class=\"swiper-slide-image\" src=\"https:\/\/www.statech.it\/wp-content\/uploads\/Principale-4.jpg\" alt=\"Principale-4\" \/><\/figure><\/div>\t\t\t<\/div>\n\t\t\t\t\t\t\t\t\t\t\t\t<div class=\"elementor-swiper-button elementor-swiper-button-prev\" role=\"button\" tabindex=\"0\">\n\t\t\t\t\t\t<i aria-hidden=\"true\" class=\"eicon-chevron-left\"><\/i>\t\t\t\t\t<\/div>\n\t\t\t\t\t<div class=\"elementor-swiper-button elementor-swiper-button-next\" role=\"button\" tabindex=\"0\">\n\t\t\t\t\t\t<i aria-hidden=\"true\" class=\"eicon-chevron-right\"><\/i>\t\t\t\t\t<\/div>\n\t\t\t\t\n\t\t\t\t\t\t\t\t\t<div class=\"swiper-pagination\"><\/div>\n\t\t\t\t\t\t\t\t\t<\/div>\n\t\t\t\t\t\t<\/div>\n\t\t\t\t<\/div>\n\t\t\t\t<div class=\"elementor-element elementor-element-e9dcf11 elementor-widget elementor-widget-text-editor\" data-id=\"e9dcf11\" data-element_type=\"widget\" data-e-type=\"widget\" data-widget_type=\"text-editor.default\">\n\t\t\t\t<div class=\"elementor-widget-container\">\n\t\t\t\t\t\t\t\t\t<p>Eine der Hauptspezialisierungen von Sta Technology ist die Herstellung von Schallschutz- und Luftfiltersystemen. Unser hochqualifiziertes Personal f\u00fchrt Analysen durch und entwirft, fertigt und montiert innovative und technologische Schallschutzsysteme f\u00fcr industrielle und kommerzielle Umgebungen.<br \/>Unser Unternehmen ist seit Jahrzehnten in der Branche t\u00e4tig und verf\u00fcgt \u00fcber spezialisierte Techniker, die Schallschutzkabinen, Schallschutzt\u00fcren und -tore, Schalld\u00e4mpfer, Schallschutzw\u00e4nde und Schallschutzvorh\u00e4nge untersuchen, entwerfen, herstellen, installieren, pr\u00fcfen und den Kundendienst \u00fcbernehmen.<br \/>Wir sind auch auf die Planung und den Bau von Abluft- und Filtersystemen spezialisiert.<\/p>\n\t\t\t\t\t\t\t\t<\/div>\n\t\t\t\t<\/div>\n\t\t\t\t\t<\/div>\n\t\t<\/div>\n\t\t\t\t<div class=\"elementor-column elementor-col-66 elementor-top-column elementor-element elementor-element-218bf7f\" data-id=\"218bf7f\" data-element_type=\"column\" data-e-type=\"column\">\n\t\t\t<div class=\"elementor-widget-wrap elementor-element-populated\">\n\t\t\t\t\t\t\t<\/div>\n\t\t<\/div>\n\t\t\t\t\t<\/div>\n\t\t<\/section>\n\t\t\t\t<section class=\"elementor-section elementor-top-section elementor-element elementor-element-ad113ef elementor-section-boxed elementor-section-height-default elementor-section-height-default\" data-id=\"ad113ef\" data-element_type=\"section\" data-e-type=\"section\">\n\t\t\t\t\t\t<div class=\"elementor-container elementor-column-gap-no\">\n\t\t\t\t\t<div class=\"elementor-column elementor-col-100 elementor-top-column elementor-element elementor-element-dfe5989\" data-id=\"dfe5989\" data-element_type=\"column\" data-e-type=\"column\">\n\t\t\t<div class=\"elementor-widget-wrap\">\n\t\t\t\t\t\t\t<\/div>\n\t\t<\/div>\n\t\t\t\t\t<\/div>\n\t\t<\/section>\n\t\t\t\t<\/div>\n\t\t","protected":false},"excerpt":{"rendered":"<p>Schalld\u00e4mmung und Luftfiltration Eine der Hauptspezialisierungen von Sta Technology ist die Herstellung von Schallschutz- und Luftfiltersystemen. Unser hochqualifiziertes Personal f\u00fchrt Analysen durch und entwirft, fertigt und montiert innovative und technologische Schallschutzsysteme f\u00fcr industrielle und kommerzielle Umgebungen.Unser Unternehmen ist seit Jahrzehnten in der Branche t\u00e4tig und verf\u00fcgt \u00fcber spezialisierte Techniker, die Schallschutzkabinen, Schallschutzt\u00fcren und -tore, Schalld\u00e4mpfer, [&hellip;]<\/p>\n","protected":false},"author":1,"featured_media":0,"parent":0,"menu_order":0,"comment_status":"closed","ping_status":"closed","template":"","meta":{"footnotes":""},"class_list":["post-2803","page","type-page","status-publish","hentry"],"_links":{"self":[{"href":"https:\/\/www.statech.it\/de\/wp-json\/wp\/v2\/pages\/2803","targetHints":{"allow":["GET"]}}],"collection":[{"href":"https:\/\/www.statech.it\/de\/wp-json\/wp\/v2\/pages"}],"about":[{"href":"https:\/\/www.statech.it\/de\/wp-json\/wp\/v2\/types\/page"}],"author":[{"embeddable":true,"href":"https:\/\/www.statech.it\/de\/wp-json\/wp\/v2\/users\/1"}],"replies":[{"embeddable":true,"href":"https:\/\/www.statech.it\/de\/wp-json\/wp\/v2\/comments?post=2803"}],"version-history":[{"count":5,"href":"https:\/\/www.statech.it\/de\/wp-json\/wp\/v2\/pages\/2803\/revisions"}],"predecessor-version":[{"id":3140,"href":"https:\/\/www.statech.it\/de\/wp-json\/wp\/v2\/pages\/2803\/revisions\/3140"}],"wp:attachment":[{"href":"https:\/\/www.statech.it\/de\/wp-json\/wp\/v2\/media?parent=2803"}],"curies":[{"name":"wp","href":"https:\/\/api.w.org\/{rel}","templated":true}]}}