{"id":2765,"date":"2022-11-24T15:06:17","date_gmt":"2022-11-24T14:06:17","guid":{"rendered":"https:\/\/statech.it\/technik-konstruktion\/"},"modified":"2023-11-17T09:06:01","modified_gmt":"2023-11-17T08:06:01","slug":"technik-konstruktion","status":"publish","type":"page","link":"https:\/\/www.statech.it\/de\/technik-konstruktion\/","title":{"rendered":"Technik &amp; Konstruktion"},"content":{"rendered":"\t\t<div data-elementor-type=\"wp-page\" data-elementor-id=\"2765\" class=\"elementor elementor-2765 elementor-1424\" data-elementor-post-type=\"page\">\n\t\t\t\t\t\t<section class=\"elementor-section elementor-top-section elementor-element elementor-element-fa9bd96 elementor-section-boxed elementor-section-height-default elementor-section-height-default\" data-id=\"fa9bd96\" data-element_type=\"section\" data-e-type=\"section\" data-settings=\"{&quot;background_background&quot;:&quot;classic&quot;}\">\n\t\t\t\t\t\t<div class=\"elementor-container elementor-column-gap-no\">\n\t\t\t\t\t<div class=\"elementor-column elementor-col-100 elementor-top-column elementor-element elementor-element-4eac56b\" data-id=\"4eac56b\" data-element_type=\"column\" data-e-type=\"column\">\n\t\t\t<div class=\"elementor-widget-wrap elementor-element-populated\">\n\t\t\t\t\t\t<div class=\"elementor-element elementor-element-6e6797b elementor-widget elementor-widget-heading\" data-id=\"6e6797b\" data-element_type=\"widget\" data-e-type=\"widget\" data-widget_type=\"heading.default\">\n\t\t\t\t<div class=\"elementor-widget-container\">\n\t\t\t\t\t<h1 class=\"elementor-heading-title elementor-size-default\">Technik &amp; Konstruktion<\/h1>\t\t\t\t<\/div>\n\t\t\t\t<\/div>\n\t\t\t\t\t<\/div>\n\t\t<\/div>\n\t\t\t\t\t<\/div>\n\t\t<\/section>\n\t\t\t\t<section class=\"elementor-section elementor-top-section elementor-element elementor-element-ae03762 elementor-section-boxed elementor-section-height-default elementor-section-height-default\" data-id=\"ae03762\" data-element_type=\"section\" data-e-type=\"section\">\n\t\t\t\t\t\t<div class=\"elementor-container elementor-column-gap-no\">\n\t\t\t\t\t<div class=\"elementor-column elementor-col-100 elementor-top-column elementor-element elementor-element-9dc6741\" data-id=\"9dc6741\" data-element_type=\"column\" data-e-type=\"column\">\n\t\t\t<div class=\"elementor-widget-wrap elementor-element-populated\">\n\t\t\t\t\t\t<div class=\"elementor-element elementor-element-51d2b7b elementor-widget elementor-widget-image\" data-id=\"51d2b7b\" data-element_type=\"widget\" data-e-type=\"widget\" data-widget_type=\"image.default\">\n\t\t\t\t<div class=\"elementor-widget-container\">\n\t\t\t\t\t\t\t\t\t\t\t\t\t\t\t<img fetchpriority=\"high\" decoding=\"async\" width=\"1140\" height=\"570\" src=\"https:\/\/www.statech.it\/wp-content\/uploads\/engineering-1.jpg\" class=\"attachment-full size-full wp-image-2720\" alt=\"\" srcset=\"https:\/\/www.statech.it\/wp-content\/uploads\/engineering-1.jpg 1140w, https:\/\/www.statech.it\/wp-content\/uploads\/engineering-1-300x150.jpg 300w, https:\/\/www.statech.it\/wp-content\/uploads\/engineering-1-1024x512.jpg 1024w, https:\/\/www.statech.it\/wp-content\/uploads\/engineering-1-768x384.jpg 768w\" sizes=\"(max-width: 1140px) 100vw, 1140px\" \/>\t\t\t\t\t\t\t\t\t\t\t\t\t\t\t<\/div>\n\t\t\t\t<\/div>\n\t\t\t\t<div class=\"elementor-element elementor-element-14e3a27 elementor-widget elementor-widget-text-editor\" data-id=\"14e3a27\" data-element_type=\"widget\" data-e-type=\"widget\" data-widget_type=\"text-editor.default\">\n\t\t\t\t<div class=\"elementor-widget-container\">\n\t\t\t\t\t\t\t\t\t<p>Seit ihrer Gr\u00fcndung im Jahr 1998 hat Sta Technology von Anfang an technische L\u00f6sungen entwickelt und gebaut, die es den Kunden erm\u00f6glichen, ihre Heizprozesse effizienter zu gestalten Dar\u00fcber hinaus hat das Unternehmen dank seiner gro\u00dfen Erfahrung und seines Wissens \u00fcber Luft seinen Kunden eine erhebliche Produktionssteigerung erm\u00f6glicht und ihnen geholfen, ihren Endkunden leistungsf\u00e4higere Maschinen und Produkte anzubieten.<\/p>\n<p>Unsere Systeme werden entsprechend den spezifischen Kundenanforderungen mit 2D-, 3D- und Fluiddynamiksoftware entworfen und konstruiert.<\/p>\n<p>Die wichtigsten Sektoren, in denen wir t\u00e4tig sind, sind:<\/p>\n<ul>\n<li>Entwurf der Metallstruktur<\/li>\n<li>Mechanische Konstruktion<\/li>\n<li>Entwurf von speziellen Dichtungskabinen f\u00fcr technische Tests<\/li>\n<li>Entwurf von Barrieren und Aphonkabinen<\/li>\n<li>Entwurf von Schalld\u00e4mpfern<\/li>\n<li>Entwurf von F\u00f6rdersystemen<\/li>\n<li>Konstruktion von \u00d6fen und Hei\u00dfkammern<\/li>\n<li>Konstruktion von B\u00fcgelmaschinen<\/li>\n<li>W\u00e4rmer\u00fcckgewinnungssysteme<\/li>\n<\/ul>\n\t\t\t\t\t\t\t\t<\/div>\n\t\t\t\t<\/div>\n\t\t\t\t\t<\/div>\n\t\t<\/div>\n\t\t\t\t\t<\/div>\n\t\t<\/section>\n\t\t\t\t<\/div>\n\t\t","protected":false},"excerpt":{"rendered":"<p>Technik &amp; Konstruktion Seit ihrer Gr\u00fcndung im Jahr 1998 hat Sta Technology von Anfang an technische L\u00f6sungen entwickelt und gebaut, die es den Kunden erm\u00f6glichen, ihre Heizprozesse effizienter zu gestalten Dar\u00fcber hinaus hat das Unternehmen dank seiner gro\u00dfen Erfahrung und seines Wissens \u00fcber Luft seinen Kunden eine erhebliche Produktionssteigerung erm\u00f6glicht und ihnen geholfen, ihren Endkunden [&hellip;]<\/p>\n","protected":false},"author":1,"featured_media":0,"parent":0,"menu_order":0,"comment_status":"closed","ping_status":"closed","template":"","meta":{"footnotes":""},"class_list":["post-2765","page","type-page","status-publish","hentry"],"_links":{"self":[{"href":"https:\/\/www.statech.it\/de\/wp-json\/wp\/v2\/pages\/2765","targetHints":{"allow":["GET"]}}],"collection":[{"href":"https:\/\/www.statech.it\/de\/wp-json\/wp\/v2\/pages"}],"about":[{"href":"https:\/\/www.statech.it\/de\/wp-json\/wp\/v2\/types\/page"}],"author":[{"embeddable":true,"href":"https:\/\/www.statech.it\/de\/wp-json\/wp\/v2\/users\/1"}],"replies":[{"embeddable":true,"href":"https:\/\/www.statech.it\/de\/wp-json\/wp\/v2\/comments?post=2765"}],"version-history":[{"count":2,"href":"https:\/\/www.statech.it\/de\/wp-json\/wp\/v2\/pages\/2765\/revisions"}],"predecessor-version":[{"id":3012,"href":"https:\/\/www.statech.it\/de\/wp-json\/wp\/v2\/pages\/2765\/revisions\/3012"}],"wp:attachment":[{"href":"https:\/\/www.statech.it\/de\/wp-json\/wp\/v2\/media?parent=2765"}],"curies":[{"name":"wp","href":"https:\/\/api.w.org\/{rel}","templated":true}]}}