{"id":2735,"date":"2022-07-29T14:20:19","date_gmt":"2022-07-29T12:20:19","guid":{"rendered":"https:\/\/statech.it\/ueber-uns\/"},"modified":"2024-11-19T12:18:47","modified_gmt":"2024-11-19T11:18:47","slug":"ueber-uns","status":"publish","type":"page","link":"https:\/\/www.statech.it\/de\/ueber-uns\/","title":{"rendered":"\u00dcBER UNS"},"content":{"rendered":"\t\t<div data-elementor-type=\"wp-page\" data-elementor-id=\"2735\" class=\"elementor elementor-2735 elementor-337\" data-elementor-post-type=\"page\">\n\t\t\t\t\t\t<section class=\"elementor-section elementor-top-section elementor-element elementor-element-a8af1d2 elementor-section-content-middle elementor-section-boxed elementor-section-height-default elementor-section-height-default\" data-id=\"a8af1d2\" data-element_type=\"section\" data-e-type=\"section\">\n\t\t\t\t\t\t<div class=\"elementor-container elementor-column-gap-no\">\n\t\t\t\t\t<div class=\"elementor-column elementor-col-100 elementor-top-column elementor-element elementor-element-35b7354\" data-id=\"35b7354\" data-element_type=\"column\" data-e-type=\"column\">\n\t\t\t<div class=\"elementor-widget-wrap elementor-element-populated\">\n\t\t\t\t\t\t<div class=\"elementor-element elementor-element-3239373 elementor-widget elementor-widget-image\" data-id=\"3239373\" data-element_type=\"widget\" data-e-type=\"widget\" data-widget_type=\"image.default\">\n\t\t\t\t<div class=\"elementor-widget-container\">\n\t\t\t\t\t\t\t\t\t\t\t\t\t\t\t<img decoding=\"async\" width=\"300\" height=\"157\" src=\"https:\/\/www.statech.it\/wp-content\/uploads\/logo-sta-300x157-1.png\" class=\"attachment-full size-full wp-image-2507\" alt=\"forni industriali e impianti di insonorizzazione\" \/>\t\t\t\t\t\t\t\t\t\t\t\t\t\t\t<\/div>\n\t\t\t\t<\/div>\n\t\t\t\t<div class=\"elementor-element elementor-element-215bb66 elementor-widget elementor-widget-heading\" data-id=\"215bb66\" data-element_type=\"widget\" data-e-type=\"widget\" data-widget_type=\"heading.default\">\n\t\t\t\t<div class=\"elementor-widget-container\">\n\t\t\t\t\t<h1 class=\"elementor-heading-title elementor-size-default\">Wer wir sind<\/h1>\t\t\t\t<\/div>\n\t\t\t\t<\/div>\n\t\t\t\t<div class=\"elementor-element elementor-element-c2c92ef elementor-widget elementor-widget-text-editor\" data-id=\"c2c92ef\" data-element_type=\"widget\" data-e-type=\"widget\" data-widget_type=\"text-editor.default\">\n\t\t\t\t<div class=\"elementor-widget-container\">\n\t\t\t\t\t\t\t\t\t<p><b>Sta Technology<\/b> hat seit seiner Gr\u00fcndung im Jahr 1998 von Anfang an technische L\u00f6sungen entwickelt und gebaut, die es den Kunden erm\u00f6glichen, ihre <b>Heizprozesse<\/b> effizienter zu gestalten und Probleme mit L\u00e4rm oder Luftfilterung zu l\u00f6sen. Dar\u00fcber hinaus hat die umfangreiche Erfahrung und das Wissen \u00fcber Luft es den Kunden erm\u00f6glicht, ihre Produktion erheblich zu steigern und ihren Endkunden leistungsf\u00e4higere Maschinen und Produkte anzubieten.<br \/>Dank unserer innovativen Software, die auch an die Bed\u00fcrfnisse des Kunden angepasst werden kann, ist es auch m\u00f6glich, alle Vorteile von Industrie 4.0 <b>und die Integration des Ofens mit all Ihren Produktionsmaschinen zu nutzen<\/b>, was Ihnen erlaubt, den automatischen Produktionsprozess Ihrer Linien und\/oder Produkte zu optimieren.<\/p>\n<p>Wir l\u00f6sen alle L\u00e4rm- und Vibrationsprobleme durch sorgf\u00e4ltige Analysen mit hochqualifizierten Technikern. Entwerfen, bauen und installieren alle akustischen Anlagen: Barrieren, Kabinen, Schalld\u00e4mpfer, T\u00fcren, Tore usw.<br \/><b>Qualit\u00e4t und Langlebigkeit<\/b>. Das sind unsere Ziele, wenn es um Absauganlagen geht. Wir sorgen f\u00fcr Produkte, die wenig Wartung erfordern und sich an die erneuerbaren Bed\u00fcrfnisse des Kunden anpassen lassen, damit sie lange halten.<\/p>\n\t\t\t\t\t\t\t\t<\/div>\n\t\t\t\t<\/div>\n\t\t\t\t\t<\/div>\n\t\t<\/div>\n\t\t\t\t\t<\/div>\n\t\t<\/section>\n\t\t\t\t<section class=\"elementor-section elementor-top-section elementor-element elementor-element-c38494e elementor-section-boxed elementor-section-height-default elementor-section-height-default\" data-id=\"c38494e\" data-element_type=\"section\" data-e-type=\"section\">\n\t\t\t\t\t\t<div class=\"elementor-container elementor-column-gap-no\">\n\t\t\t\t\t<div class=\"elementor-column elementor-col-50 elementor-top-column elementor-element elementor-element-4edc687\" data-id=\"4edc687\" data-element_type=\"column\" data-e-type=\"column\">\n\t\t\t<div class=\"elementor-widget-wrap elementor-element-populated\">\n\t\t\t\t\t\t<div class=\"elementor-element elementor-element-7f8f3dd elementor-widget__width-initial elementor-widget elementor-widget-text-editor\" data-id=\"7f8f3dd\" data-element_type=\"widget\" data-e-type=\"widget\" data-widget_type=\"text-editor.default\">\n\t\t\t\t<div class=\"elementor-widget-container\">\n\t\t\t\t\t\t\t\t\t<p>Wir arbeiten mit Kunden auf mehreren Kontinenten &#8211; Europa, Asien und Nordamerika &#8211; zusammen und bieten ihnen die notwendige technische Unterst\u00fctzung.<\/p>\n<p><strong>Wir sind nicht auf der Suche nach Kunden, sondern nach Partnern, mit denen wir zusammenarbeiten k\u00f6nnen, um gemeinsam zu wachsen, denn das ist unsere Leidenschaft.<\/strong><\/p>\n\t\t\t\t\t\t\t\t<\/div>\n\t\t\t\t<\/div>\n\t\t\t\t\t<\/div>\n\t\t<\/div>\n\t\t\t\t<div class=\"elementor-column elementor-col-50 elementor-top-column elementor-element elementor-element-9860e02\" data-id=\"9860e02\" data-element_type=\"column\" data-e-type=\"column\">\n\t\t\t<div class=\"elementor-widget-wrap elementor-element-populated\">\n\t\t\t\t\t\t<div class=\"elementor-element elementor-element-c0167a4 elementor-widget elementor-widget-heading\" data-id=\"c0167a4\" data-element_type=\"widget\" data-e-type=\"widget\" data-widget_type=\"heading.default\">\n\t\t\t\t<div class=\"elementor-widget-container\">\n\t\t\t\t\t<h2 class=\"elementor-heading-title elementor-size-default\">Nehmen Sie Kontakt mit uns auf<\/h2>\t\t\t\t<\/div>\n\t\t\t\t<\/div>\n\t\t\t\t<div class=\"elementor-element elementor-element-6a28ead elementor-widget elementor-widget-text-editor\" data-id=\"6a28ead\" data-element_type=\"widget\" data-e-type=\"widget\" data-widget_type=\"text-editor.default\">\n\t\t\t\t<div class=\"elementor-widget-container\">\n\t\t\t\t\t\t\t\t\t<p>F\u00fcllen Sie das Formular mit Ihren Daten und Ihrer Anfrage aus; einer unserer Mitarbeiter wird sich so schnell wie m\u00f6glich mit Ihnen in Verbindung setzen.<\/p>\n\t\t\t\t\t\t\t\t<\/div>\n\t\t\t\t<\/div>\n\t\t\t\t<div class=\"elementor-element elementor-element-348fc0b elementor-button-align-center elementor-widget elementor-widget-global elementor-global-2755 elementor-global-280 elementor-widget-form\" data-id=\"348fc0b\" data-element_type=\"widget\" data-e-type=\"widget\" data-settings=\"{&quot;step_next_label&quot;:&quot;Folgend&quot;,&quot;step_previous_label&quot;:&quot;Vorherige&quot;,&quot;button_width&quot;:&quot;100&quot;,&quot;step_type&quot;:&quot;number_text&quot;,&quot;step_icon_shape&quot;:&quot;circle&quot;}\" data-widget_type=\"form.default\">\n\t\t\t\t<div class=\"elementor-widget-container\">\n\t\t\t\t\t\t\t<form class=\"elementor-form\" method=\"post\" name=\"Neue Form\" aria-label=\"Neue Form\">\n\t\t\t<input type=\"hidden\" name=\"post_id\" value=\"2735\"\/>\n\t\t\t<input type=\"hidden\" name=\"form_id\" value=\"348fc0b\"\/>\n\t\t\t<input type=\"hidden\" name=\"referer_title\" value=\"\" \/>\n\n\t\t\t\n\t\t\t<div class=\"elementor-form-fields-wrapper elementor-labels-above\">\n\t\t\t\t\t\t\t\t<div class=\"elementor-field-type-textarea elementor-field-group elementor-column elementor-field-group-message elementor-col-100\">\n\t\t\t\t\t<textarea class=\"elementor-field-textual elementor-field  elementor-size-sm\" name=\"form_fields[message]\" id=\"form-field-message\" rows=\"4\" placeholder=\"Wie kann ich Ihnen helfen?\"><\/textarea>\t\t\t\t<\/div>\n\t\t\t\t\t\t\t\t<div class=\"elementor-field-type-text elementor-field-group elementor-column elementor-field-group-name elementor-col-50 elementor-field-required\">\n\t\t\t\t\t\t\t\t\t\t\t\t\t<input size=\"1\" type=\"text\" name=\"form_fields[name]\" id=\"form-field-name\" class=\"elementor-field elementor-size-sm  elementor-field-textual\" placeholder=\"Name*\" required=\"required\">\n\t\t\t\t\t\t\t\t\t\t\t<\/div>\n\t\t\t\t\t\t\t\t<div class=\"elementor-field-type-email elementor-field-group elementor-column elementor-field-group-email elementor-col-50 elementor-field-required\">\n\t\t\t\t\t\t\t\t\t\t\t\t\t<input size=\"1\" type=\"email\" name=\"form_fields[email]\" id=\"form-field-email\" class=\"elementor-field elementor-size-sm  elementor-field-textual\" placeholder=\"E-Mail*\" required=\"required\">\n\t\t\t\t\t\t\t\t\t\t\t<\/div>\n\t\t\t\t\t\t\t\t<div class=\"elementor-field-type-number elementor-field-group elementor-column elementor-field-group-field_370a065 elementor-col-50 elementor-field-required\">\n\t\t\t\t\t\t\t\t<input type=\"number\" name=\"form_fields[field_370a065]\" id=\"form-field-field_370a065\" class=\"elementor-field elementor-size-sm  elementor-field-textual\" placeholder=\"Telephon*\" required=\"required\" min=\"\" max=\"\" >\n\t\t\t\t\t\t<\/div>\n\t\t\t\t\t\t\t\t<div class=\"elementor-field-type-text elementor-field-group elementor-column elementor-field-group-field_80cbebc elementor-col-50\">\n\t\t\t\t\t\t\t\t\t\t\t\t\t<input size=\"1\" type=\"text\" name=\"form_fields[field_80cbebc]\" id=\"form-field-field_80cbebc\" class=\"elementor-field elementor-size-sm  elementor-field-textual\" placeholder=\"Unternehmen\">\n\t\t\t\t\t\t\t\t\t\t\t<\/div>\n\t\t\t\t\t\t\t\t<div class=\"elementor-field-type-acceptance elementor-field-group elementor-column elementor-field-group-field_9f82a85 elementor-col-100\">\n\t\t\t\t\t\t\t<div class=\"elementor-field-subgroup\">\n\t\t\t<span class=\"elementor-field-option\">\n\t\t\t\t<input type=\"checkbox\" name=\"form_fields[field_9f82a85]\" id=\"form-field-field_9f82a85\" class=\"elementor-field elementor-size-sm  elementor-acceptance-field\">\n\t\t\t\t<label for=\"form-field-field_9f82a85\">Ich habe die <a href=\"https:\/\/www.statech.it\/de\/privacy-policy\/\">Datenschutzbestimmungen<\/a> gelesen<\/label>\t\t\t<\/span>\n\t\t<\/div>\n\t\t\t\t\t\t<\/div>\n\t\t\t\t\t\t\t\t<div class=\"elementor-field-group elementor-column elementor-field-type-submit elementor-col-100 e-form__buttons\">\n\t\t\t\t\t<button class=\"elementor-button elementor-size-sm\" type=\"submit\">\n\t\t\t\t\t\t<span class=\"elementor-button-content-wrapper\">\n\t\t\t\t\t\t\t\t\t\t\t\t\t\t\t\t\t\t\t\t\t\t<span class=\"elementor-button-text\">Senden<\/span>\n\t\t\t\t\t\t\t\t\t\t\t\t\t<\/span>\n\t\t\t\t\t<\/button>\n\t\t\t\t<\/div>\n\t\t\t<\/div>\n\t\t<\/form>\n\t\t\t\t\t\t<\/div>\n\t\t\t\t<\/div>\n\t\t\t\t\t<\/div>\n\t\t<\/div>\n\t\t\t\t\t<\/div>\n\t\t<\/section>\n\t\t\t\t<\/div>\n\t\t","protected":false},"excerpt":{"rendered":"<p>Wer wir sind Sta Technology hat seit seiner Gr\u00fcndung im Jahr 1998 von Anfang an technische L\u00f6sungen entwickelt und gebaut, die es den Kunden erm\u00f6glichen, ihre Heizprozesse effizienter zu gestalten und Probleme mit L\u00e4rm oder Luftfilterung zu l\u00f6sen. Dar\u00fcber hinaus hat die umfangreiche Erfahrung und das Wissen \u00fcber Luft es den Kunden erm\u00f6glicht, ihre Produktion [&hellip;]<\/p>\n","protected":false},"author":1,"featured_media":0,"parent":0,"menu_order":0,"comment_status":"closed","ping_status":"closed","template":"","meta":{"footnotes":""},"class_list":["post-2735","page","type-page","status-publish","hentry"],"_links":{"self":[{"href":"https:\/\/www.statech.it\/de\/wp-json\/wp\/v2\/pages\/2735","targetHints":{"allow":["GET"]}}],"collection":[{"href":"https:\/\/www.statech.it\/de\/wp-json\/wp\/v2\/pages"}],"about":[{"href":"https:\/\/www.statech.it\/de\/wp-json\/wp\/v2\/types\/page"}],"author":[{"embeddable":true,"href":"https:\/\/www.statech.it\/de\/wp-json\/wp\/v2\/users\/1"}],"replies":[{"embeddable":true,"href":"https:\/\/www.statech.it\/de\/wp-json\/wp\/v2\/comments?post=2735"}],"version-history":[{"count":19,"href":"https:\/\/www.statech.it\/de\/wp-json\/wp\/v2\/pages\/2735\/revisions"}],"predecessor-version":[{"id":3131,"href":"https:\/\/www.statech.it\/de\/wp-json\/wp\/v2\/pages\/2735\/revisions\/3131"}],"wp:attachment":[{"href":"https:\/\/www.statech.it\/de\/wp-json\/wp\/v2\/media?parent=2735"}],"curies":[{"name":"wp","href":"https:\/\/api.w.org\/{rel}","templated":true}]}}