{"id":2732,"date":"2022-07-26T14:19:33","date_gmt":"2022-07-26T12:19:33","guid":{"rendered":"https:\/\/statech.it\/statech-industrieoefen-schallschutz-und-sanierung\/"},"modified":"2025-05-14T10:04:46","modified_gmt":"2025-05-14T08:04:46","slug":"statech-industrieoefen-schallschutz-und-sanierung","status":"publish","type":"page","link":"https:\/\/www.statech.it\/de\/","title":{"rendered":"Statech &#8211; Industrie\u00f6fen, Schallschutz und Sanierung"},"content":{"rendered":"\t\t<div data-elementor-type=\"wp-page\" data-elementor-id=\"2732\" class=\"elementor elementor-2732 elementor-27\" data-elementor-post-type=\"page\">\n\t\t\t\t\t\t<section class=\"elementor-section elementor-top-section elementor-element elementor-element-00372b6 elementor-section-full_width elementor-section-height-default elementor-section-height-default\" data-id=\"00372b6\" data-element_type=\"section\" data-e-type=\"section\">\n\t\t\t\t\t\t<div class=\"elementor-container elementor-column-gap-no\">\n\t\t\t\t\t<div data-pafe-crossfade-multiple-background-images=\"https:\/\/statech.it\/wp-content\/uploads\/forni-industriali-statech-7.jpg,https:\/\/statech.it\/wp-content\/uploads\/forni-industriali-statech-8.jpg,https:\/\/statech.it\/wp-content\/uploads\/forni-industriali-statech-4.jpg,https:\/\/statech.it\/wp-content\/uploads\/forni-industriali-statech-9.jpg,https:\/\/statech.it\/wp-content\/uploads\/forni-industriali-statech-6.jpg,https:\/\/statech.it\/wp-content\/uploads\/forni-industriali-statech-5.jpg,https:\/\/statech.it\/wp-content\/uploads\/forni-industriali-statech-3.jpg,https:\/\/statech.it\/wp-content\/uploads\/Foto-1.jpg,https:\/\/statech.it\/wp-content\/uploads\/Foto-2.jpg,https:\/\/statech.it\/wp-content\/uploads\/Foto-3.jpg\" data-pafe-crossfade-multiple-background-images-speed=\"3000\" data-pafe-crossfade-multiple-background-images-speed-fadeout=\"500\" class=\"elementor-column elementor-col-50 elementor-top-column elementor-element elementor-element-ac01c25\" data-id=\"ac01c25\" data-element_type=\"column\" data-e-type=\"column\" data-settings=\"{&quot;background_background&quot;:&quot;classic&quot;}\">\n\t\t\t<div class=\"elementor-widget-wrap elementor-element-populated\">\n\t\t\t\t\t\t<section class=\"elementor-section elementor-inner-section elementor-element elementor-element-4452dc9 elementor-section-boxed elementor-section-height-default elementor-section-height-default\" data-id=\"4452dc9\" data-element_type=\"section\" data-e-type=\"section\">\n\t\t\t\t\t\t<div class=\"elementor-container elementor-column-gap-default\">\n\t\t\t\t\t<div class=\" pafe-equal-height-desktop pafe-equal-height-tablet pafe-equal-height-mobile elementor-column elementor-col-100 elementor-inner-column elementor-element elementor-element-5b4f374\" data-pafe-equal-height=\"1\" data-pafe-equal-height-widget-container=\"\" data-id=\"5b4f374\" data-element_type=\"column\" data-e-type=\"column\" data-settings=\"{&quot;background_background&quot;:&quot;classic&quot;}\">\n\t\t\t<div class=\"elementor-widget-wrap elementor-element-populated\">\n\t\t\t\t\t<div class=\"elementor-background-overlay\"><\/div>\n\t\t\t\t\t\t<div class=\"elementor-element elementor-element-2ee5c82 elementor-widget elementor-widget-heading\" data-id=\"2ee5c82\" data-element_type=\"widget\" data-e-type=\"widget\" data-widget_type=\"heading.default\">\n\t\t\t\t<div class=\"elementor-widget-container\">\n\t\t\t\t\t<h2 class=\"elementor-heading-title elementor-size-default\">INDUSTRIE\u00d6FEN<\/h2>\t\t\t\t<\/div>\n\t\t\t\t<\/div>\n\t\t\t\t<div class=\"elementor-element elementor-element-ebc0ed9 elementor-widget elementor-widget-text-editor\" data-id=\"ebc0ed9\" data-element_type=\"widget\" data-e-type=\"widget\" data-widget_type=\"text-editor.default\">\n\t\t\t\t<div class=\"elementor-widget-container\">\n\t\t\t\t\t\t\t\t\tEigene Produktion, spezifisch f\u00fcr jeden Kunden.\nWir liefern sowohl statische \u00d6fen\nals auch Hei\u00dfluft\u00f6fen bis zu 1300\u00b0.\t\t\t\t\t\t\t\t<\/div>\n\t\t\t\t<\/div>\n\t\t\t\t<div class=\"elementor-element elementor-element-a2a8904 elementor-align-center elementor-widget elementor-widget-button\" data-id=\"a2a8904\" data-element_type=\"widget\" data-e-type=\"widget\" data-widget_type=\"button.default\">\n\t\t\t\t<div class=\"elementor-widget-container\">\n\t\t\t\t\t\t\t\t\t<div class=\"elementor-button-wrapper\">\n\t\t\t\t\t<a class=\"elementor-button elementor-button-link elementor-size-lg\" href=\"\/de\/produktion-von-industrieoefen\/\">\n\t\t\t\t\t\t<span class=\"elementor-button-content-wrapper\">\n\t\t\t\t\t\t\t\t\t<span class=\"elementor-button-text\">KLICK HIER<\/span>\n\t\t\t\t\t<\/span>\n\t\t\t\t\t<\/a>\n\t\t\t\t<\/div>\n\t\t\t\t\t\t\t\t<\/div>\n\t\t\t\t<\/div>\n\t\t\t\t\t<\/div>\n\t\t<\/div>\n\t\t\t\t\t<\/div>\n\t\t<\/section>\n\t\t\t\t\t<\/div>\n\t\t<\/div>\n\t\t\t\t<div data-pafe-crossfade-multiple-background-images=\"https:\/\/statech.it\/wp-content\/uploads\/Principale.jpg,https:\/\/statech.it\/wp-content\/uploads\/Principale-1.jpg,https:\/\/statech.it\/wp-content\/uploads\/Principale-3.jpg,https:\/\/statech.it\/wp-content\/uploads\/Barriera-Centro-Commerciale-2.jpg\" data-pafe-crossfade-multiple-background-images-speed=\"2000\" data-pafe-crossfade-multiple-background-images-speed-fadeout=\"500\" class=\"elementor-column elementor-col-50 elementor-top-column elementor-element elementor-element-58ce764\" data-id=\"58ce764\" data-element_type=\"column\" data-e-type=\"column\" data-settings=\"{&quot;background_background&quot;:&quot;classic&quot;}\">\n\t\t\t<div class=\"elementor-widget-wrap elementor-element-populated\">\n\t\t\t\t\t\t<section class=\"elementor-section elementor-inner-section elementor-element elementor-element-4d23780 elementor-section-boxed elementor-section-height-default elementor-section-height-default\" data-id=\"4d23780\" data-element_type=\"section\" data-e-type=\"section\">\n\t\t\t\t\t\t<div class=\"elementor-container elementor-column-gap-default\">\n\t\t\t\t\t<div class=\" pafe-equal-height-desktop pafe-equal-height-tablet pafe-equal-height-mobile elementor-column elementor-col-100 elementor-inner-column elementor-element elementor-element-c1196ba\" data-pafe-equal-height=\"1\" data-pafe-equal-height-widget-container=\"\" data-id=\"c1196ba\" data-element_type=\"column\" data-e-type=\"column\" data-settings=\"{&quot;background_background&quot;:&quot;classic&quot;}\">\n\t\t\t<div class=\"elementor-widget-wrap elementor-element-populated\">\n\t\t\t\t\t<div class=\"elementor-background-overlay\"><\/div>\n\t\t\t\t\t\t<div class=\"elementor-element elementor-element-850a110 elementor-widget elementor-widget-heading\" data-id=\"850a110\" data-element_type=\"widget\" data-e-type=\"widget\" data-widget_type=\"heading.default\">\n\t\t\t\t<div class=\"elementor-widget-container\">\n\t\t\t\t\t<h2 class=\"elementor-heading-title elementor-size-default\">SCHALLD\u00c4MMUNG UND LUFTFILTERUNG<\/h2>\t\t\t\t<\/div>\n\t\t\t\t<\/div>\n\t\t\t\t<div class=\"elementor-element elementor-element-7ca504e elementor-widget elementor-widget-text-editor\" data-id=\"7ca504e\" data-element_type=\"widget\" data-e-type=\"widget\" data-widget_type=\"text-editor.default\">\n\t\t\t\t<div class=\"elementor-widget-container\">\n\t\t\t\t\t\t\t\t\t<p>Entwurf, Konstruktion und Montage von innovativen und technologischen Schallschutzsystemen.<\/p>\n\t\t\t\t\t\t\t\t<\/div>\n\t\t\t\t<\/div>\n\t\t\t\t<div class=\"elementor-element elementor-element-a8de463 elementor-align-center elementor-widget elementor-widget-button\" data-id=\"a8de463\" data-element_type=\"widget\" data-e-type=\"widget\" data-widget_type=\"button.default\">\n\t\t\t\t<div class=\"elementor-widget-container\">\n\t\t\t\t\t\t\t\t\t<div class=\"elementor-button-wrapper\">\n\t\t\t\t\t<a class=\"elementor-button elementor-button-link elementor-size-lg\" href=\"\/de\/schalldaemmung-und-luftfiltration\/\">\n\t\t\t\t\t\t<span class=\"elementor-button-content-wrapper\">\n\t\t\t\t\t\t\t\t\t<span class=\"elementor-button-text\">KLICK HIER<\/span>\n\t\t\t\t\t<\/span>\n\t\t\t\t\t<\/a>\n\t\t\t\t<\/div>\n\t\t\t\t\t\t\t\t<\/div>\n\t\t\t\t<\/div>\n\t\t\t\t\t<\/div>\n\t\t<\/div>\n\t\t\t\t\t<\/div>\n\t\t<\/section>\n\t\t\t\t\t<\/div>\n\t\t<\/div>\n\t\t\t\t\t<\/div>\n\t\t<\/section>\n\t\t\t\t<section class=\"elementor-section elementor-top-section elementor-element elementor-element-766f53b elementor-section-full_width elementor-section-height-default elementor-section-height-default\" data-id=\"766f53b\" data-element_type=\"section\" data-e-type=\"section\" data-settings=\"{&quot;background_background&quot;:&quot;classic&quot;}\">\n\t\t\t\t\t\t<div class=\"elementor-container elementor-column-gap-no\">\n\t\t\t\t\t<div class=\"elementor-column elementor-col-100 elementor-top-column elementor-element elementor-element-2fc83c3\" data-id=\"2fc83c3\" data-element_type=\"column\" data-e-type=\"column\">\n\t\t\t<div class=\"elementor-widget-wrap elementor-element-populated\">\n\t\t\t\t\t\t<div class=\"elementor-element elementor-element-01e2fc7 elementor-widget elementor-widget-image\" data-id=\"01e2fc7\" data-element_type=\"widget\" data-e-type=\"widget\" data-widget_type=\"image.default\">\n\t\t\t\t<div class=\"elementor-widget-container\">\n\t\t\t\t\t\t\t\t\t\t\t\t\t\t\t<img decoding=\"async\" width=\"283\" height=\"131\" src=\"https:\/\/www.statech.it\/wp-content\/uploads\/logo-sta.png\" class=\"attachment-full size-full wp-image-2478\" alt=\"Statech forni industriali\" \/>\t\t\t\t\t\t\t\t\t\t\t\t\t\t\t<\/div>\n\t\t\t\t<\/div>\n\t\t\t\t<div class=\"elementor-element elementor-element-d340137 elementor-widget elementor-widget-heading\" data-id=\"d340137\" data-element_type=\"widget\" data-e-type=\"widget\" data-widget_type=\"heading.default\">\n\t\t\t\t<div class=\"elementor-widget-container\">\n\t\t\t\t\t<h1 class=\"elementor-heading-title elementor-size-default\">Engineering, Industrie\u00f6fen, Schalld\u00e4mmung und Luftfiltration<\/h1>\t\t\t\t<\/div>\n\t\t\t\t<\/div>\n\t\t\t\t<div class=\"elementor-element elementor-element-e5f5d18 elementor-widget elementor-widget-text-editor\" data-id=\"e5f5d18\" data-element_type=\"widget\" data-e-type=\"widget\" data-widget_type=\"text-editor.default\">\n\t\t\t\t<div class=\"elementor-widget-container\">\n\t\t\t\t\t\t\t\t\t<p>Unser Unternehmen ist seit mehreren Jahren in den Bereichen Akustik, Luftfiltration und Industrie\u00f6fen t\u00e4tig und verf\u00fcgt \u00fcber technisches Personal mit drei\u00dfigj\u00e4hriger Erfahrung sowohl&nbsp; in der Planung als auch im Bau.<\/p>\n\t\t\t\t\t\t\t\t<\/div>\n\t\t\t\t<\/div>\n\t\t\t\t<section class=\"elementor-section elementor-inner-section elementor-element elementor-element-212d4a8 elementor-section-full_width elementor-section-height-default elementor-section-height-default\" data-id=\"212d4a8\" data-element_type=\"section\" data-e-type=\"section\">\n\t\t\t\t\t\t<div class=\"elementor-container elementor-column-gap-narrow\">\n\t\t\t\t\t<div class=\"elementor-column elementor-col-25 elementor-inner-column elementor-element elementor-element-17601ed\" data-id=\"17601ed\" data-element_type=\"column\" data-e-type=\"column\">\n\t\t\t<div class=\"elementor-widget-wrap elementor-element-populated\">\n\t\t\t\t\t\t<div class=\"elementor-element elementor-element-27e052e elementor-widget elementor-widget-image\" data-id=\"27e052e\" data-element_type=\"widget\" data-e-type=\"widget\" data-widget_type=\"image.default\">\n\t\t\t\t<div class=\"elementor-widget-container\">\n\t\t\t\t\t\t\t\t\t\t\t\t\t\t\t<img fetchpriority=\"high\" decoding=\"async\" width=\"275\" height=\"184\" src=\"https:\/\/www.statech.it\/wp-content\/uploads\/Engineering.jpg\" class=\"attachment-full size-full wp-image-2628\" alt=\"\" \/>\t\t\t\t\t\t\t\t\t\t\t\t\t\t\t<\/div>\n\t\t\t\t<\/div>\n\t\t\t\t<div class=\"elementor-element elementor-element-2e7bfa3 elementor-widget elementor-widget-heading\" data-id=\"2e7bfa3\" data-element_type=\"widget\" data-e-type=\"widget\" data-widget_type=\"heading.default\">\n\t\t\t\t<div class=\"elementor-widget-container\">\n\t\t\t\t\t<h2 class=\"elementor-heading-title elementor-size-default\">Engineering Design und Beratung\nf\u00fcr \u00d6fen und mechanische Handhabung mit 2D- und 3D-Software<\/h2>\t\t\t\t<\/div>\n\t\t\t\t<\/div>\n\t\t\t\t\t<\/div>\n\t\t<\/div>\n\t\t\t\t<div class=\"elementor-column elementor-col-25 elementor-inner-column elementor-element elementor-element-d3de79c\" data-id=\"d3de79c\" data-element_type=\"column\" data-e-type=\"column\">\n\t\t\t<div class=\"elementor-widget-wrap elementor-element-populated\">\n\t\t\t\t\t\t<div class=\"elementor-element elementor-element-76cfd63 elementor-widget elementor-widget-image\" data-id=\"76cfd63\" data-element_type=\"widget\" data-e-type=\"widget\" data-widget_type=\"image.default\">\n\t\t\t\t<div class=\"elementor-widget-container\">\n\t\t\t\t\t\t\t\t\t\t\t\t\t\t\t<img decoding=\"async\" width=\"275\" height=\"184\" src=\"https:\/\/www.statech.it\/wp-content\/uploads\/software.jpg\" class=\"attachment-full size-full wp-image-2629\" alt=\"\" \/>\t\t\t\t\t\t\t\t\t\t\t\t\t\t\t<\/div>\n\t\t\t\t<\/div>\n\t\t\t\t<div class=\"elementor-element elementor-element-f0ea3aa elementor-widget elementor-widget-heading\" data-id=\"f0ea3aa\" data-element_type=\"widget\" data-e-type=\"widget\" data-widget_type=\"heading.default\">\n\t\t\t\t<div class=\"elementor-widget-container\">\n\t\t\t\t\t<h2 class=\"elementor-heading-title elementor-size-default\">Spezielle, f\u00fcr Industrie 4.0 zertifizierbare Software f\u00fcr die \u00dcberwachung des Arbeitszyklus und die R\u00fcckverfolgbarkeit. <\/h2>\t\t\t\t<\/div>\n\t\t\t\t<\/div>\n\t\t\t\t\t<\/div>\n\t\t<\/div>\n\t\t\t\t<div class=\"elementor-column elementor-col-25 elementor-inner-column elementor-element elementor-element-5e6c720\" data-id=\"5e6c720\" data-element_type=\"column\" data-e-type=\"column\">\n\t\t\t<div class=\"elementor-widget-wrap elementor-element-populated\">\n\t\t\t\t\t\t<div class=\"elementor-element elementor-element-f8ba541 elementor-widget elementor-widget-image\" data-id=\"f8ba541\" data-element_type=\"widget\" data-e-type=\"widget\" data-widget_type=\"image.default\">\n\t\t\t\t<div class=\"elementor-widget-container\">\n\t\t\t\t\t\t\t\t\t\t\t\t\t\t\t<img loading=\"lazy\" decoding=\"async\" width=\"275\" height=\"184\" src=\"https:\/\/www.statech.it\/wp-content\/uploads\/carpenteria.jpg\" class=\"attachment-full size-full wp-image-2627\" alt=\"\" \/>\t\t\t\t\t\t\t\t\t\t\t\t\t\t\t<\/div>\n\t\t\t\t<\/div>\n\t\t\t\t<div class=\"elementor-element elementor-element-10bb576 elementor-widget elementor-widget-heading\" data-id=\"10bb576\" data-element_type=\"widget\" data-e-type=\"widget\" data-widget_type=\"heading.default\">\n\t\t\t\t<div class=\"elementor-widget-container\">\n\t\t\t\t\t<h2 class=\"elementor-heading-title elementor-size-default\">UNI EN 1090 -EXC3 zertifizierte Tischlerei\nmit gepr\u00fcften Schwei\u00dfern.<\/h2>\t\t\t\t<\/div>\n\t\t\t\t<\/div>\n\t\t\t\t\t<\/div>\n\t\t<\/div>\n\t\t\t\t<div class=\"elementor-column elementor-col-25 elementor-inner-column elementor-element elementor-element-731aa8b\" data-id=\"731aa8b\" data-element_type=\"column\" data-e-type=\"column\">\n\t\t\t<div class=\"elementor-widget-wrap elementor-element-populated\">\n\t\t\t\t\t\t<div class=\"elementor-element elementor-element-0ae9268 elementor-widget elementor-widget-image\" data-id=\"0ae9268\" data-element_type=\"widget\" data-e-type=\"widget\" data-widget_type=\"image.default\">\n\t\t\t\t<div class=\"elementor-widget-container\">\n\t\t\t\t\t\t\t\t\t\t\t\t\t\t\t<img loading=\"lazy\" decoding=\"async\" width=\"275\" height=\"184\" src=\"https:\/\/www.statech.it\/wp-content\/uploads\/assistenza.jpg\" class=\"attachment-full size-full wp-image-2626\" alt=\"\" \/>\t\t\t\t\t\t\t\t\t\t\t\t\t\t\t<\/div>\n\t\t\t\t<\/div>\n\t\t\t\t<div class=\"elementor-element elementor-element-9a1725c elementor-widget elementor-widget-heading\" data-id=\"9a1725c\" data-element_type=\"widget\" data-e-type=\"widget\" data-widget_type=\"heading.default\">\n\t\t\t\t<div class=\"elementor-widget-container\">\n\t\t\t\t\t<h2 class=\"elementor-heading-title elementor-size-default\">Service, Montage, Wartung und Ersatzteile<br>\nWir sind weltweit t\u00e4tig.<\/h2>\t\t\t\t<\/div>\n\t\t\t\t<\/div>\n\t\t\t\t\t<\/div>\n\t\t<\/div>\n\t\t\t\t\t<\/div>\n\t\t<\/section>\n\t\t\t\t\t<\/div>\n\t\t<\/div>\n\t\t\t\t\t<\/div>\n\t\t<\/section>\n\t\t\t\t<section class=\"elementor-section elementor-top-section elementor-element elementor-element-a5e2ed2 elementor-section-content-middle elementor-section-boxed elementor-section-height-default elementor-section-height-default\" data-id=\"a5e2ed2\" data-element_type=\"section\" data-e-type=\"section\" data-settings=\"{&quot;background_background&quot;:&quot;classic&quot;}\">\n\t\t\t\t\t\t<div class=\"elementor-container elementor-column-gap-no\">\n\t\t\t\t\t<div class=\"elementor-column elementor-col-100 elementor-top-column elementor-element elementor-element-4d6af9a\" data-id=\"4d6af9a\" data-element_type=\"column\" data-e-type=\"column\">\n\t\t\t<div class=\"elementor-widget-wrap elementor-element-populated\">\n\t\t\t\t\t\t<div class=\"elementor-element elementor-element-de89ac8 elementor-align-center elementor-widget elementor-widget-button\" data-id=\"de89ac8\" data-element_type=\"widget\" data-e-type=\"widget\" data-widget_type=\"button.default\">\n\t\t\t\t<div class=\"elementor-widget-container\">\n\t\t\t\t\t\t\t\t\t<div class=\"elementor-button-wrapper\">\n\t\t\t\t\t<a class=\"elementor-button elementor-button-link elementor-size-lg\" href=\"\/de\/kontakt\/\">\n\t\t\t\t\t\t<span class=\"elementor-button-content-wrapper\">\n\t\t\t\t\t\t\t\t\t<span class=\"elementor-button-text\">KONTAKT US<\/span>\n\t\t\t\t\t<\/span>\n\t\t\t\t\t<\/a>\n\t\t\t\t<\/div>\n\t\t\t\t\t\t\t\t<\/div>\n\t\t\t\t<\/div>\n\t\t\t\t\t<\/div>\n\t\t<\/div>\n\t\t\t\t\t<\/div>\n\t\t<\/section>\n\t\t\t\t<\/div>\n\t\t","protected":false},"excerpt":{"rendered":"<p>INDUSTRIE\u00d6FEN Eigene Produktion, spezifisch f\u00fcr jeden Kunden. Wir liefern sowohl statische \u00d6fen als auch Hei\u00dfluft\u00f6fen bis zu 1300\u00b0. KLICK HIER SCHALLD\u00c4MMUNG UND LUFTFILTERUNG Entwurf, Konstruktion und Montage von innovativen und technologischen Schallschutzsystemen. KLICK HIER Engineering, Industrie\u00f6fen, Schalld\u00e4mmung und Luftfiltration Unser Unternehmen ist seit mehreren Jahren in den Bereichen Akustik, Luftfiltration und Industrie\u00f6fen t\u00e4tig und verf\u00fcgt [&hellip;]<\/p>\n","protected":false},"author":1,"featured_media":0,"parent":0,"menu_order":0,"comment_status":"closed","ping_status":"closed","template":"","meta":{"footnotes":""},"class_list":["post-2732","page","type-page","status-publish","hentry"],"_links":{"self":[{"href":"https:\/\/www.statech.it\/de\/wp-json\/wp\/v2\/pages\/2732","targetHints":{"allow":["GET"]}}],"collection":[{"href":"https:\/\/www.statech.it\/de\/wp-json\/wp\/v2\/pages"}],"about":[{"href":"https:\/\/www.statech.it\/de\/wp-json\/wp\/v2\/types\/page"}],"author":[{"embeddable":true,"href":"https:\/\/www.statech.it\/de\/wp-json\/wp\/v2\/users\/1"}],"replies":[{"embeddable":true,"href":"https:\/\/www.statech.it\/de\/wp-json\/wp\/v2\/comments?post=2732"}],"version-history":[{"count":12,"href":"https:\/\/www.statech.it\/de\/wp-json\/wp\/v2\/pages\/2732\/revisions"}],"predecessor-version":[{"id":3250,"href":"https:\/\/www.statech.it\/de\/wp-json\/wp\/v2\/pages\/2732\/revisions\/3250"}],"wp:attachment":[{"href":"https:\/\/www.statech.it\/de\/wp-json\/wp\/v2\/media?parent=2732"}],"curies":[{"name":"wp","href":"https:\/\/api.w.org\/{rel}","templated":true}]}}